{"id":1038,"date":"2017-07-24T20:38:09","date_gmt":"2017-07-24T18:38:09","guid":{"rendered":"https:\/\/www.vmzberlin.com\/impressum\/"},"modified":"2019-04-29T15:26:30","modified_gmt":"2019-04-29T13:26:30","slug":"impressum","status":"publish","type":"page","link":"https:\/\/www.vmzberlin.com\/en\/impressum\/","title":{"rendered":"Imprint"},"content":{"rendered":"<div id=\"pl-1038\"  class=\"panel-layout\" ><div id=\"pg-1038-0\"  class=\"panel-grid panel-no-style\" ><div id=\"pgc-1038-0-0\"  class=\"panel-grid-cell\" ><div id=\"panel-1038-0-0-0\" class=\"so-panel widget widget_vmz-multicolumn-widget panel-first-child\" data-index=\"0\" ><div\n\t\t\t\n\t\t\tclass=\"so-widget-vmz-multicolumn-widget so-widget-vmz-multicolumn-widget-vmz-multicolumn-widget-d75171398898-1038\"\n\t\t\t\n\t\t><div class=\"vmz-multicolumn-content\"><p><strong>VMZ Berlin Betreibergesellschaft mbH<\/strong><br \/>\nUllsteinstra\u00dfe 120<br \/>\nD-12109 Berlin<br \/>\nT +49 30 814 53 - 0<br \/>\n<a href=\"mailto:office@vmzberlin.com\">office@vmzberlin.com<\/a><\/p>\n<p><strong>Managing Director<\/strong><br \/>\nDr. Jan K\u00e4tker<br \/>\nDipl.-Kfm. Henning Kl\u00e4\u00df<br \/>\nDistrict Court Berlin Charlottenburg<br \/>\nHRB 79706<br \/>\nUSt-IdNr. DE813242086<\/p>\n<\/div>\n<\/div><\/div><div id=\"panel-1038-0-0-1\" class=\"so-panel widget widget_vmz-trenner-widget\" data-index=\"1\" ><div\n\t\t\t\n\t\t\tclass=\"so-widget-vmz-trenner-widget so-widget-vmz-trenner-widget-vmz-trenner-widget-d75171398898-1038\"\n\t\t\t\n\t\t><\/div>\n<\/div>\n<\/div>\n<\/div>\n<div class=\"panel-grid panel-no-style\"  >\n<div class=\"panel-grid-cell\" style=\"width:100%;  margin-right:0; -webkit-flex-direction:column;-ms-flex-direction:column;flex-direction:column \">\t\n<div class=\"so-panel widget widget_vmz-trenner-widget\">\t\n<div class=\"so-widget-vmz-trenner-widget\"><\/div><\/div><div id=\"panel-1038-0-0-2\" class=\"so-panel widget widget_vmz-multicolumn-widget panel-last-child\" data-index=\"2\" ><div\n\t\t\t\n\t\t\tclass=\"so-widget-vmz-multicolumn-widget so-widget-vmz-multicolumn-widget-vmz-multicolumn-widget-d75171398898-1038\"\n\t\t\t\n\t\t><div class=\"vmz-multicolumn-content\"><p><strong>Conceptualization and Implementation<\/strong><br \/>\n<a href=\"https:\/\/www.fuercho-gmbh.de\" target=\"_blank\" rel=\"noopener\">F\u00fcrcho GmbH<\/a> mit Olaf Baldini\/Piktoresk<\/p>\n<p><strong>Portrait Photography<\/strong><br \/>\nAndreas [Franz Xaver] S\u00fc\u00df<\/p>\n<\/div>\n<\/div><\/div><\/div><\/div><\/div>","protected":false},"excerpt":{"rendered":"<p>VMZ Berlin Betreibergesellschaft mbH Ullsteinstra\u00dfe 120 D-12109 Berlin T +49 30 814 53 &#8211; 0 office@vmzberlin.com Managing Director Dr. Jan K\u00e4tker Dipl.-Kfm. Henning Kl\u00e4\u00df District Court Berlin Charlottenburg HRB 79706 USt-IdNr. DE813242086 Conceptualization and Implementation F\u00fcrcho GmbH mit Olaf Baldini\/Piktoresk Portrait Photography Andreas [Franz Xaver] S\u00fc\u00df<\/p>\n","protected":false},"author":1,"featured_media":0,"parent":0,"menu_order":0,"comment_status":"closed","ping_status":"closed","template":"","meta":{"footnotes":""},"class_list":["post-1038","page","type-page","status-publish","hentry","post"],"_links":{"self":[{"href":"https:\/\/www.vmzberlin.com\/en\/wp-json\/wp\/v2\/pages\/1038","targetHints":{"allow":["GET"]}}],"collection":[{"href":"https:\/\/www.vmzberlin.com\/en\/wp-json\/wp\/v2\/pages"}],"about":[{"href":"https:\/\/www.vmzberlin.com\/en\/wp-json\/wp\/v2\/types\/page"}],"author":[{"embeddable":true,"href":"https:\/\/www.vmzberlin.com\/en\/wp-json\/wp\/v2\/users\/1"}],"replies":[{"embeddable":true,"href":"https:\/\/www.vmzberlin.com\/en\/wp-json\/wp\/v2\/comments?post=1038"}],"version-history":[{"count":10,"href":"https:\/\/www.vmzberlin.com\/en\/wp-json\/wp\/v2\/pages\/1038\/revisions"}],"predecessor-version":[{"id":1876,"href":"https:\/\/www.vmzberlin.com\/en\/wp-json\/wp\/v2\/pages\/1038\/revisions\/1876"}],"wp:attachment":[{"href":"https:\/\/www.vmzberlin.com\/en\/wp-json\/wp\/v2\/media?parent=1038"}],"curies":[{"name":"wp","href":"https:\/\/api.w.org\/{rel}","templated":true}]}}