{"id":886,"date":"2017-07-10T13:58:42","date_gmt":"2017-07-10T11:58:42","guid":{"rendered":"https:\/\/www.vmzberlin.com\/das-team-versiert-motiviert-zielstrebig\/"},"modified":"2026-01-21T09:29:02","modified_gmt":"2026-01-21T08:29:02","slug":"das-team-versiert-motiviert-zielstrebig","status":"publish","type":"page","link":"https:\/\/www.vmzberlin.com\/en\/das-team-versiert-motiviert-zielstrebig\/","title":{"rendered":"The Team \u2013 Experienced. Motivated. Ambitious."},"content":{"rendered":"<div id=\"pl-886\"  class=\"panel-layout\" ><div id=\"pg-886-0\"  class=\"panel-grid panel-no-style\" ><div id=\"pgc-886-0-0\"  class=\"panel-grid-cell\" ><div id=\"panel-886-0-0-0\" class=\"so-panel widget widget_vmz-headline-widget panel-first-child\" data-index=\"0\" ><div\n\t\t\t\n\t\t\tclass=\"so-widget-vmz-headline-widget so-widget-vmz-headline-widget-vmz-headline-widget-d75171398898-886\"\n\t\t\t\n\t\t><h1>Your Contacts at VMZ <\/h1>\n<\/div><\/div><div id=\"panel-886-0-0-1\" class=\"so-panel widget widget_vmz-multicolumn-widget\" data-index=\"1\" ><div\n\t\t\t\n\t\t\tclass=\"so-widget-vmz-multicolumn-widget so-widget-vmz-multicolumn-widget-vmz-multicolumn-widget-d75171398898-886\"\n\t\t\t\n\t\t><div class=\"vmz-multicolumn-content\"><p>&nbsp;<\/p>\n<p><img loading=\"lazy\" decoding=\"async\" class=\"alignnone wp-image-2338 size-large\" src=\"https:\/\/www.vmzberlin.com\/wp-content\/uploads\/2022\/05\/vmz_gescha\u2560eftsfu\u2560ehrung_01-1024x665.png\" alt=\"\" width=\"720\" height=\"468\" srcset=\"https:\/\/www.vmzberlin.com\/wp-content\/uploads\/2022\/05\/vmz_gescha\u2560eftsfu\u2560ehrung_01-1024x665.png 1024w, https:\/\/www.vmzberlin.com\/wp-content\/uploads\/2022\/05\/vmz_gescha\u2560eftsfu\u2560ehrung_01-300x195.png 300w, https:\/\/www.vmzberlin.com\/wp-content\/uploads\/2022\/05\/vmz_gescha\u2560eftsfu\u2560ehrung_01-768x499.png 768w, https:\/\/www.vmzberlin.com\/wp-content\/uploads\/2022\/05\/vmz_gescha\u2560eftsfu\u2560ehrung_01-1536x998.png 1536w, https:\/\/www.vmzberlin.com\/wp-content\/uploads\/2022\/05\/vmz_gescha\u2560eftsfu\u2560ehrung_01-2048x1331.png 2048w\" sizes=\"auto, (max-width: 720px) 100vw, 720px\" \/><\/p>\n<p>&nbsp;<\/p>\n<h4>The management of the VMZ<\/h4>\n<p>Dr. Jan K\u00e4tker (CEO), Henning Kl\u00e4\u00df (CFO)<\/p>\n<\/div>\n<\/div><\/div><div id=\"panel-886-0-0-2\" class=\"so-panel widget widget_vmz-teamgrid-widget panel-last-child\" data-index=\"2\" ><div\n\t\t\t\n\t\t\tclass=\"so-widget-vmz-teamgrid-widget so-widget-vmz-teamgrid-widget-vmz-teamgrid-widget-d75171398898-886\"\n\t\t\t\n\t\t><div class=\"vmz_table\">\n<div class=\"vmz_section vmz_group\">\n<div class=\"vmz_col span_teamgrid-cell\">\n<figure style=\"background-image:url(https:\/\/www.vmzberlin.com\/wp-content\/uploads\/2017\/09\/Schilling.jpg)\"><img decoding=\"async\" src=\"https:\/\/www.vmzberlin.com\/wp-content\/themes\/vmz-berlin\/images\/1zu1.gif\" alt=\"\" \/><\/figure>\n<h3>Tom Schilling<\/h3>\n<h4>Division Manager<\/h4>\n<p>\nMobility Services<br \/>P: +49 30 814 53-132<br \/><a href=\"mailto:tom.schilling@vmzberlin.com\">E-Mail Kontakt<\/a><br \/><\/p>\n<\/div>\n<div class=\"vmz_col span_teamgrid-cell\">\n<figure style=\"background-image:url(https:\/\/www.vmzberlin.com\/wp-content\/uploads\/2017\/10\/Lueckenfueller-1-520x600.png)\"><img decoding=\"async\" src=\"https:\/\/www.vmzberlin.com\/wp-content\/themes\/vmz-berlin\/images\/1zu1.gif\" alt=\"\" \/><\/figure>\n<h3>Thomas  Dahnert <\/h3>\n<h4>Team Leader<\/h4>\n<p>\nSoftware Development <br \/><a href=\"mailto:thomas.dahnert@vmzberlin.com \">E-Mail Kontakt<\/a><br \/><\/p>\n<\/div>\n<div class=\"vmz_col span_teamgrid-cell\">\n<figure style=\"background-image:url(https:\/\/www.vmzberlin.com\/wp-content\/uploads\/2017\/10\/Lueckenfueller-520x600.png)\"><img decoding=\"async\" src=\"https:\/\/www.vmzberlin.com\/wp-content\/themes\/vmz-berlin\/images\/1zu1.gif\" alt=\"\" \/><\/figure>\n<h3>Jens Wallat <\/h3>\n<h4>Team Leader<\/h4>\n<p>\nIT operations <br \/><a href=\"mailto:jens.wallat@vmzberlin.com \">E-Mail Kontakt<\/a><br \/><\/p>\n<\/div>\n<div class=\"vmz_col span_teamgrid-cell\">\n<figure style=\"background-image:url(https:\/\/www.vmzberlin.com\/wp-content\/uploads\/2017\/09\/mueer.jpg)\"><img decoding=\"async\" src=\"https:\/\/www.vmzberlin.com\/wp-content\/themes\/vmz-berlin\/images\/1zu1.gif\" alt=\"\" \/><\/figure>\n<h3>Andreas M\u00fcer<\/h3>\n<h4>Team Leader<\/h4>\n<p>\nTraffic Information Center VIZ <br \/>P: +49 30 814 53-147<br \/><a href=\"mailto:andreas.mueer@vmzberlin.com\">E-Mail Kontakt<\/a><br \/><\/p>\n<\/div>\n<\/div>\n<div class=\"vmz_section vmz_group\">\n<div class=\"vmz_col span_teamgrid-cell\">\n<figure style=\"background-image:url(https:\/\/www.vmzberlin.com\/wp-content\/uploads\/2017\/09\/Willing.jpg)\"><img decoding=\"async\" src=\"https:\/\/www.vmzberlin.com\/wp-content\/themes\/vmz-berlin\/images\/1zu1.gif\" alt=\"\" \/><\/figure>\n<h3>Jan-Niklas Willing<\/h3>\n<h4>Project Manager<\/h4>\n<p>\nMobility Services<br \/>P: +49 30 814 53-130<br \/><a href=\"mailto:jan-niklas.willing@vmzberlin.com\">E-Mail Kontakt<\/a><br \/><\/p>\n<\/div>\n<div class=\"vmz_col span_teamgrid-cell\">\n<figure style=\"background-image:url(https:\/\/www.vmzberlin.com\/wp-content\/uploads\/2019\/10\/vmz_torsten_fleischer_05-520x656.jpg)\"><img decoding=\"async\" src=\"https:\/\/www.vmzberlin.com\/wp-content\/themes\/vmz-berlin\/images\/1zu1.gif\" alt=\"\" \/><\/figure>\n<h3>Torsten Fleischer<\/h3>\n<h4>Project Manager<\/h4>\n<p>\nMobility Services<br \/>P: +49 30 814 53-160<br \/><a href=\"mailto:torsten.fleischer@vmzberlin.com\">E-Mail Kontakt<\/a><br \/><\/p>\n<\/div>\n<div class=\"vmz_col span_teamgrid-cell\">\n<figure style=\"background-image:url(https:\/\/www.vmzberlin.com\/wp-content\/uploads\/2017\/09\/Ormeloh.jpg)\"><img decoding=\"async\" src=\"https:\/\/www.vmzberlin.com\/wp-content\/themes\/vmz-berlin\/images\/1zu1.gif\" alt=\"\" \/><\/figure>\n<h3>Sigrid Ormeloh<\/h3>\n<p>\nOffice Manager<br \/>P: +49 30 814 53-133<br \/><a href=\"mailto:sigrid.ormeloh@vmzberlin.com\">E-Mail Kontakt<\/a><br \/><\/p>\n<\/div>\n<div class=\"vmz_col span_teamgrid-cell\">\n<figure style=\"background-image:url(https:\/\/www.vmzberlin.com\/wp-content\/uploads\/2017\/09\/Jablonski.jpg)\"><img decoding=\"async\" src=\"https:\/\/www.vmzberlin.com\/wp-content\/themes\/vmz-berlin\/images\/1zu1.gif\" alt=\"\" \/><\/figure>\n<h3>Bettina Jablonski<\/h3>\n<p>\nOffice Manager<br \/>P: +49 30 814 53-109<br \/><a href=\"mailto:bettina.jablonski@vmzberlin.com\">E-Mail Kontakt<\/a><br \/><\/p>\n<\/div>\n<\/div>\n<div class=\"vmz_section vmz_group\">\n<div class=\"vmz_col span_teamgrid-cell\">\n<figure style=\"background-image:url(https:\/\/www.vmzberlin.com\/wp-content\/uploads\/2017\/10\/Lueckenfueller-520x600.png)\"><img decoding=\"async\" src=\"https:\/\/www.vmzberlin.com\/wp-content\/themes\/vmz-berlin\/images\/1zu1.gif\" alt=\"\" \/><\/figure>\n<h3>Britta K\u00e4hne<\/h3>\n<h4>Project Manager<\/h4>\n<p>\nPlanning and Consulting<br \/>P: +49 30 814 53-131<br \/><a href=\"mailto:britta.kaehne@vmzberlin.com\">E-Mail Kontakt<\/a><br \/><\/p>\n<\/div>\n<div class=\"vmz_col span_teamgrid-cell\">\n<figure style=\"background-image:url(https:\/\/www.vmzberlin.com\/wp-content\/uploads\/2017\/10\/Lueckenfueller-1-520x600.png)\"><img decoding=\"async\" src=\"https:\/\/www.vmzberlin.com\/wp-content\/themes\/vmz-berlin\/images\/1zu1.gif\" alt=\"\" \/><\/figure>\n<h3>Patrick Klemm<\/h3>\n<h4>Project Manager<\/h4>\n<p>\nPlanning and Consulting<br \/>P: +49 30 814 53-129<br \/><a href=\"mailto:patrick.klemm@vmzberlin.com\">E-Mail Kontakt<\/a><br \/><\/p>\n<\/div>\n<div class=\"vmz_col span_teamgrid-cell\">\n<figure style=\"background-image:url(https:\/\/www.vmzberlin.com\/wp-content\/uploads\/2021\/11\/Foto_IW-480x656.jpg)\"><img decoding=\"async\" src=\"https:\/\/www.vmzberlin.com\/wp-content\/themes\/vmz-berlin\/images\/1zu1.gif\" alt=\"\" \/><\/figure>\n<h3>Isabell W\u00e4lisch<\/h3>\n<h4>Project Manager<\/h4>\n<p>\nMobility Services<br \/>P: +49 30 81453-183<br \/><a href=\"mailto:Isabell.Waelisch@vmzberlin.com\">E-Mail Kontakt<\/a><br \/><\/p>\n<\/div>\n<\/div>\n<\/div>\n<\/div><\/div><\/div><\/div><\/div>","protected":false},"excerpt":{"rendered":"<p>Your Contacts at VMZ &nbsp; &nbsp; The management of the VMZ Dr. Jan K\u00e4tker (CEO), Henning Kl\u00e4\u00df (CFO) Tom Schilling Division Manager Mobility ServicesP: +49 30 814 53-132E-Mail Kontakt Thomas Dahnert Team Leader Software Development E-Mail Kontakt Jens Wallat Team Leader IT operations E-Mail Kontakt Andreas M\u00fcer Team Leader Traffic Information Center VIZ P: +49 [&hellip;]<\/p>\n","protected":false},"author":2,"featured_media":0,"parent":0,"menu_order":0,"comment_status":"closed","ping_status":"closed","template":"","meta":{"footnotes":""},"class_list":["post-886","page","type-page","status-publish","hentry","post"],"_links":{"self":[{"href":"https:\/\/www.vmzberlin.com\/en\/wp-json\/wp\/v2\/pages\/886","targetHints":{"allow":["GET"]}}],"collection":[{"href":"https:\/\/www.vmzberlin.com\/en\/wp-json\/wp\/v2\/pages"}],"about":[{"href":"https:\/\/www.vmzberlin.com\/en\/wp-json\/wp\/v2\/types\/page"}],"author":[{"embeddable":true,"href":"https:\/\/www.vmzberlin.com\/en\/wp-json\/wp\/v2\/users\/2"}],"replies":[{"embeddable":true,"href":"https:\/\/www.vmzberlin.com\/en\/wp-json\/wp\/v2\/comments?post=886"}],"version-history":[{"count":12,"href":"https:\/\/www.vmzberlin.com\/en\/wp-json\/wp\/v2\/pages\/886\/revisions"}],"predecessor-version":[{"id":2752,"href":"https:\/\/www.vmzberlin.com\/en\/wp-json\/wp\/v2\/pages\/886\/revisions\/2752"}],"wp:attachment":[{"href":"https:\/\/www.vmzberlin.com\/en\/wp-json\/wp\/v2\/media?parent=886"}],"curies":[{"name":"wp","href":"https:\/\/api.w.org\/{rel}","templated":true}]}}